{"id":186,"date":"2025-11-10T12:08:27","date_gmt":"2025-11-10T11:08:27","guid":{"rendered":"https:\/\/adammalesa.pl\/?page_id=186"},"modified":"2025-11-10T12:08:54","modified_gmt":"2025-11-10T11:08:54","slug":"regulamin","status":"publish","type":"page","link":"https:\/\/adammalesa.pl\/?page_id=186","title":{"rendered":"Regulamin"},"content":{"rendered":"\n[et_pb_section fb_built=&#8221;1&#8243; admin_label=&#8221;Subscribe&#8221; _builder_version=&#8221;4.17.4&#8243; _module_preset=&#8221;default&#8221; background_color=&#8221;#000000&#8243; background_image=&#8221;http:\/\/adammalesa.pl\/wp-content\/uploads\/2025\/11\/jewelry-designer-4.png&#8221; background_size=&#8221;contain&#8221; background_position=&#8221;top_left&#8221; background_horizontal_offset=&#8221;10%&#8221; custom_padding=&#8221;0px||0px||false|false&#8221; collapsed=&#8221;on&#8221; global_colors_info=&#8221;{}&#8221; theme_builder_area=&#8221;post_content&#8221;][et_pb_row _builder_version=&#8221;4.27.4&#8243; _module_preset=&#8221;default&#8221; custom_padding=&#8221;0px||0px||false|false&#8221; hover_enabled=&#8221;0&#8243; box_shadow_style=&#8221;preset4&#8243; box_shadow_horizontal=&#8221;30vw&#8221; box_shadow_vertical=&#8221;0px&#8221; box_shadow_color=&#8221;#AC8961&#8243; global_colors_info=&#8221;{}&#8221; theme_builder_area=&#8221;post_content&#8221; sticky_enabled=&#8221;0&#8243;][et_pb_column type=&#8221;4_4&#8243; _builder_version=&#8221;4.17.4&#8243; _module_preset=&#8221;default&#8221; background_enable_color=&#8221;off&#8221; background_enable_image=&#8221;off&#8221; custom_padding=&#8221;8%||||false|true&#8221; custom_padding_tablet=&#8221;15%||15%||true|true&#8221; custom_padding_phone=&#8221;15%||15%||true|true&#8221; custom_padding_last_edited=&#8221;off|desktop&#8221; global_colors_info=&#8221;{}&#8221; theme_builder_area=&#8221;post_content&#8221;][et_pb_text _builder_version=&#8221;4.17.4&#8243; _module_preset=&#8221;c16985e1-e0d6-4022-964d-e2bfc04fa633&#8243; header_font=&#8221;Bodoni Moda||||||||&#8221; header_text_color=&#8221;#FFFFFF&#8221; header_font_size=&#8221;100px&#8221; header_font_size_tablet=&#8221;60px&#8221; header_font_size_phone=&#8221;24px&#8221; header_font_size_last_edited=&#8221;on|tablet&#8221; global_colors_info=&#8221;{}&#8221; theme_builder_area=&#8221;post_content&#8221;]<h1>Regulamin<\/h1>[\/et_pb_text][\/et_pb_column][\/et_pb_row][\/et_pb_section][et_pb_section fb_built=&#8221;1&#8243; admin_label=&#8221;Blog&#8221; _builder_version=&#8221;4.17.4&#8243; _module_preset=&#8221;default&#8221; background_color=&#8221;#F7F1EC&#8221; collapsed=&#8221;on&#8221; global_colors_info=&#8221;{}&#8221; theme_builder_area=&#8221;post_content&#8221;][et_pb_row _builder_version=&#8221;4.27.4&#8243; _module_preset=&#8221;default&#8221; theme_builder_area=&#8221;post_content&#8221;][et_pb_column _builder_version=&#8221;4.27.4&#8243; _module_preset=&#8221;default&#8221; type=&#8221;4_4&#8243; theme_builder_area=&#8221;post_content&#8221;][et_pb_text _builder_version=&#8221;4.27.4&#8243; _module_preset=&#8221;default&#8221; theme_builder_area=&#8221;post_content&#8221; hover_enabled=&#8221;0&#8243; sticky_enabled=&#8221;0&#8243;]<h1>REGULAMIN SKLEPU INTERNETOWEGO<\/h1>\n<p><strong>AdamMalesa.pl<\/strong><\/p>\n<h2>\u00a71. Postanowienia og\u00f3lne<\/h2>\n<p>1. Sklep internetowy<span>\u00a0<\/span><strong>adammalesa.pl<\/strong>, dzia\u0142aj\u0105cy pod adresem<span>\u00a0<\/span><a href=\"https:\/\/adammalesa.pl\/\">https:\/\/adammalesa.pl<\/a>, prowadzony jest przez<span>\u00a0<\/span><strong>Adam Malesa<\/strong>, z siedzib\u0105 przy ul. Energetyk\u00f3w 1, 75-222 Koszalin, NIP: 7491006368.<\/p>\n<p>2. Niniejszy regulamin okre\u015bla zasady korzystania ze sklepu, sk\u0142adania zam\u00f3wie\u0144, zawierania um\u00f3w sprzeda\u017cy, realizacji zam\u00f3wie\u0144, a tak\u017ce zasady reklamacji oraz odst\u0105pienia od umowy.<\/p>\n<p>3. Klient zobowi\u0105zany jest do zapoznania si\u0119 z tre\u015bci\u0105 regulaminu przed dokonaniem zakupu. Z\u0142o\u017cenie zam\u00f3wienia oznacza akceptacj\u0119 niniejszego regulaminu.<\/p>\n<p>4. Sklep prowadzi sprzeda\u017c wy\u0142\u0105cznie na terytorium Rzeczypospolitej Polskiej.<\/p>\n<h2>\u00a72. Produkty i zam\u00f3wienia<\/h2>\n<p>1. Sklep oferuje r\u0119cznie wykonan\u0105 bi\u017cuteri\u0119 z metali szlachetnych (z\u0142oto, srebro), kamieni szlachetnych oraz p\u00f3\u0142szlachetnych.<\/p>\n<p>2. Wszystkie produkty s\u0105 dok\u0142adnie opisane, a zdj\u0119cia maj\u0105 charakter pogl\u0105dowy i mog\u0105 nieznacznie r\u00f3\u017cni\u0107 si\u0119 od rzeczywistego wygl\u0105du produktu.<\/p>\n<p>3. Ceny podane w sklepie s\u0105 cenami brutto (zawieraj\u0105 podatek VAT) i wyra\u017cone s\u0105 w z\u0142otych polskich (PLN).<\/p>\n<p>4. Zam\u00f3wienia mo\u017cna sk\u0142ada\u0107 za po\u015brednictwem strony internetowej poprzez wyb\u00f3r produktu i wype\u0142nienie formularza zam\u00f3wienia.<\/p>\n<p>5. Potwierdzenie przyj\u0119cia zam\u00f3wienia do realizacji jest r\u00f3wnoznaczne z zawarciem umowy sprzeda\u017cy.<\/p>\n<h2>\u00a73. P\u0142atno\u015bci i dostawa<\/h2>\n<p>1. Dost\u0119pne metody p\u0142atno\u015bci to:<\/p>\n<ul>\n<li>przelew bankowy,<\/li>\n<li>p\u0142atno\u015b\u0107 online, (p\u0142atno\u015bci Stripe)<\/li>\n<li>p\u0142atno\u015b\u0107 za pobraniem (je\u015bli dost\u0119pna).<\/li>\n<\/ul>\n<p>2. Koszty dostawy s\u0105 wskazywane podczas sk\u0142adania zam\u00f3wienia.<\/p>\n<p>3. Czas realizacji zam\u00f3wienia wynosi do 14 dni roboczych, chyba \u017ce opis produktu stanowi inaczej.<\/p>\n<p>4. Sklep nie ponosi odpowiedzialno\u015bci za op\u00f3\u017anienia wynikaj\u0105ce z dzia\u0142ania firm kurierskich.<\/p>\n<h2>\u00a74. Odst\u0105pienie od umowy<\/h2>\n<p>1. Konsument ma prawo odst\u0105pi\u0107 od umowy w terminie 14 dni od otrzymania towaru bez podania przyczyny.<\/p>\n<p>2. Aby skorzysta\u0107 z prawa odst\u0105pienia, nale\u017cy poinformowa\u0107 sklep drog\u0105 mailow\u0105 (sklep@adammalesa.pl) lub pisemnie.<\/p>\n<p>3. Konsument ponosi bezpo\u015brednie koszty zwrotu towaru.<\/p>\n<p>4. Prawo do odst\u0105pienia nie przys\u0142uguje w przypadku produkt\u00f3w wykonanych na indywidualne zam\u00f3wienie lub spersonalizowanych (np. z grawerem), zgodnie z art. 38 ustawy o prawach konsumenta.<\/p>\n<h2>\u00a75. Reklamacje<\/h2>\n<p>1. Wszystkie produkty oferowane w sklepie s\u0105 nowe i wolne od wad fizycznych oraz prawnych.<\/p>\n<p>2. W przypadku stwierdzenia wady produktu, klient ma prawo do z\u0142o\u017cenia reklamacji na podstawie r\u0119kojmi.<\/p>\n<p>3. Reklamacje mo\u017cna zg\u0142asza\u0107 mailowo na adres:<span>\u00a0<\/span><a href=\"mailto:sklep@adammalesa.pl\">sklep@adammalesa.pl<\/a><span>\u00a0<\/span>lub listownie na adres siedziby sklepu.<\/p>\n<p>4. Sklep rozpatrzy reklamacj\u0119 w terminie do 14 dni od jej otrzymania i poinformuje klienta o dalszym post\u0119powaniu.<\/p>\n<h2>\u00a76. Ochrona danych osobowych<\/h2>\n<p>1. Administratorem danych osobowych klient\u00f3w jest Adam Ma\u0142esa.<\/p>\n<p>2. Dane osobowe s\u0105 przetwarzane zgodnie z przepisami RODO w celu realizacji zam\u00f3wie\u0144 oraz obs\u0142ugi klienta.<\/p>\n<p>3. Klient ma prawo dost\u0119pu do swoich danych, ich poprawiania, \u017c\u0105dania usuni\u0119cia oraz wniesienia sprzeciwu wobec ich przetwarzania.<\/p>\n<h2>\u00a77. Postanowienia ko\u0144cowe<\/h2>\n<p>1. Regulamin mo\u017ce ulec zmianie. O wszelkich zmianach klienci zostan\u0105 poinformowani z odpowiednim wyprzedzeniem.<\/p>\n<p>2. W sprawach nieuregulowanych niniejszym regulaminem zastosowanie maj\u0105 przepisy prawa polskiego, w szczeg\u00f3lno\u015bci Kodeksu cywilnego oraz ustawy o prawach konsumenta.<\/p>\n<p>3. Spory wynikaj\u0105ce z um\u00f3w zawieranych za po\u015brednictwem sklepu b\u0119d\u0105 rozstrzygane przez w\u0142a\u015bciwe s\u0105dy powszechne.<\/p>[\/et_pb_text][\/et_pb_column][\/et_pb_row][\/et_pb_section][et_pb_section fb_built=&#8221;1&#8243; admin_label=&#8221;Footer&#8221; _builder_version=&#8221;4.17.4&#8243; _module_preset=&#8221;default&#8221; background_color=&#8221;#2F251F&#8221; background_image=&#8221;http:\/\/adammalesa.pl\/wp-content\/uploads\/2025\/10\/jewelry-designer-2.png&#8221; background_size=&#8221;custom&#8221; background_image_width=&#8221;10vw&#8221; background_position=&#8221;bottom_right&#8221; background_enable_pattern_style=&#8221;on&#8221; background_pattern_color=&#8221;rgba(235,228,213,0.35)&#8221; background_pattern_size=&#8221;custom&#8221; background_pattern_width=&#8221;6px&#8221; collapsed=&#8221;on&#8221; global_colors_info=&#8221;{}&#8221; theme_builder_area=&#8221;post_content&#8221;][et_pb_row column_structure=&#8221;1_4,1_2,1_4&#8243; _builder_version=&#8221;4.17.4&#8243; _module_preset=&#8221;default&#8221; global_colors_info=&#8221;{}&#8221; theme_builder_area=&#8221;post_content&#8221;][et_pb_column type=&#8221;1_4&#8243; _builder_version=&#8221;4.17.4&#8243; _module_preset=&#8221;default&#8221; global_colors_info=&#8221;{}&#8221; theme_builder_area=&#8221;post_content&#8221;][et_pb_text _builder_version=&#8221;4.17.4&#8243; _module_preset=&#8221;4827deed-2a92-4d97-a22f-f01067ae6873&#8243; header_font=&#8221;||||||||&#8221; header_4_font=&#8221;Bodoni Moda||||||||&#8221; header_4_text_color=&#8221;#FFFFFF&#8221; header_4_font_size=&#8221;24px&#8221; header_4_line_height=&#8221;1.5em&#8221; custom_margin=&#8221;||30px||false|false&#8221; header_4_font_size_tablet=&#8221;16px&#8221; header_4_font_size_phone=&#8221;14px&#8221; header_4_font_size_last_edited=&#8221;on|tablet&#8221; locked=&#8221;off&#8221; global_colors_info=&#8221;{}&#8221; theme_builder_area=&#8221;post_content&#8221;]<h4>About<\/h4>[\/et_pb_text][et_pb_text _builder_version=&#8221;4.17.4&#8243; _module_preset=&#8221;4c43b4b6-66bf-432d-959a-705bda24a650&#8243; text_font=&#8221;Mulish||||||||&#8221; text_text_color=&#8221;#FFFFFF&#8221; text_line_height=&#8221;1.85em&#8221; header_font_size_tablet=&#8221;55px&#8221; header_font_size_last_edited=&#8221;off|desktop&#8221; locked=&#8221;off&#8221; global_colors_info=&#8221;{}&#8221; theme_builder_area=&#8221;post_content&#8221;]<p>Tiam pulvinar vestibulum mollis. In molestie, neque eu luctus consectetur, est dolor lacinia metus, vitae euismod<\/p>[\/et_pb_text][\/et_pb_column][et_pb_column type=&#8221;1_2&#8243; _builder_version=&#8221;4.17.4&#8243; _module_preset=&#8221;default&#8221; global_colors_info=&#8221;{}&#8221; theme_builder_area=&#8221;post_content&#8221;][et_pb_text _builder_version=&#8221;4.17.4&#8243; _module_preset=&#8221;4827deed-2a92-4d97-a22f-f01067ae6873&#8243; header_font=&#8221;||||||||&#8221; header_4_font=&#8221;Bodoni Moda||||||||&#8221; header_4_text_color=&#8221;#FFFFFF&#8221; header_4_font_size=&#8221;24px&#8221; header_4_line_height=&#8221;1.5em&#8221; text_orientation=&#8221;center&#8221; custom_margin=&#8221;||30px||false|false&#8221; header_4_font_size_tablet=&#8221;16px&#8221; header_4_font_size_phone=&#8221;14px&#8221; header_4_font_size_last_edited=&#8221;on|tablet&#8221; locked=&#8221;off&#8221; global_colors_info=&#8221;{}&#8221; theme_builder_area=&#8221;post_content&#8221;]<h4>Sign Up For Shop Updates<\/h4>[\/et_pb_text][et_pb_signup mailchimp_list=&#8221;undefined|elegantthemestest|1ea2bbd026&#8243; layout=&#8221;top_bottom&#8221; first_name_field=&#8221;off&#8221; last_name_field=&#8221;off&#8221; _builder_version=&#8221;4.17.4&#8243; _module_preset=&#8221;f5dd8511-592b-43f8-b02a-fca5b467e34a&#8221; form_field_background_color=&#8221;#FFFFFF&#8221; form_field_text_color=&#8221;rgba(47,37,31,0.5)&#8221; form_field_custom_padding=&#8221;15px|20px|15px|20px|true|true&#8221; form_field_font=&#8221;Mulish||||||||&#8221; background_enable_color=&#8221;off&#8221; use_background_color=&#8221;off&#8221; custom_button=&#8221;on&#8221; button_text_size=&#8221;14px&#8221; button_text_color=&#8221;#FFFFFF&#8221; button_bg_color=&#8221;#AC8961&#8243; button_border_color=&#8221;#AC8961&#8243; button_border_radius=&#8221;0px&#8221; button_font=&#8221;Mulish|700||on|||||&#8221; button_custom_padding=&#8221;16px|24px|16px|24px|true|true&#8221; border_radii_fields=&#8221;on|0px|0px|0px|0px&#8221; locked=&#8221;off&#8221; global_colors_info=&#8221;{}&#8221; theme_builder_area=&#8221;post_content&#8221;][\/et_pb_signup][\/et_pb_column][et_pb_column type=&#8221;1_4&#8243; _builder_version=&#8221;4.17.4&#8243; _module_preset=&#8221;default&#8221; global_colors_info=&#8221;{}&#8221; theme_builder_area=&#8221;post_content&#8221;][et_pb_image src=&#8221;http:\/\/adammalesa.pl\/wp-content\/uploads\/2025\/10\/jewelry-designer-3.png&#8221; title_text=&#8221;jewelry-designer-3&#8243; _builder_version=&#8221;4.17.4&#8243; _module_preset=&#8221;default&#8221; positioning=&#8221;absolute&#8221; position_origin_a=&#8221;top_right&#8221; width=&#8221;10%&#8221; custom_margin=&#8221;-15%|-10%|||false|false&#8221; global_colors_info=&#8221;{}&#8221; theme_builder_area=&#8221;post_content&#8221;][\/et_pb_image][et_pb_text _builder_version=&#8221;4.17.4&#8243; _module_preset=&#8221;4827deed-2a92-4d97-a22f-f01067ae6873&#8243; header_font=&#8221;||||||||&#8221; header_4_font=&#8221;Bodoni Moda||||||||&#8221; header_4_text_color=&#8221;#FFFFFF&#8221; header_4_font_size=&#8221;24px&#8221; header_4_line_height=&#8221;1.5em&#8221; text_orientation=&#8221;right&#8221; custom_margin=&#8221;||30px||false|false&#8221; header_4_font_size_tablet=&#8221;16px&#8221; header_4_font_size_phone=&#8221;14px&#8221; header_4_font_size_last_edited=&#8221;on|tablet&#8221; locked=&#8221;off&#8221; global_colors_info=&#8221;{}&#8221; theme_builder_area=&#8221;post_content&#8221;]<h4>Contact<\/h4>[\/et_pb_text][et_pb_text _builder_version=&#8221;4.17.4&#8243; _module_preset=&#8221;518880c8-46c7-4ffa-b5a6-93ffa99dcc17&#8243; text_font=&#8221;||||||||&#8221; text_text_color=&#8221;rgba(255,255,255,0.7)&#8221; text_font_size=&#8221;18px&#8221; text_line_height=&#8221;1.8em&#8221; link_text_color=&#8221;#AC8961&#8243; text_orientation=&#8221;right&#8221; custom_margin=&#8221;||10px||false|false&#8221; text_font_size_tablet=&#8221;16px&#8221; text_font_size_phone=&#8221;14px&#8221; text_font_size_last_edited=&#8221;on|phone&#8221; locked=&#8221;off&#8221; global_colors_info=&#8221;{}&#8221; theme_builder_area=&#8221;post_content&#8221;]<p><a href=\"mailto:#\">hello@divijewelry.com<\/a><\/p>[\/et_pb_text][et_pb_social_media_follow _builder_version=&#8221;4.17.4&#8243; _module_preset=&#8221;default&#8221; text_orientation=&#8221;right&#8221; global_colors_info=&#8221;{}&#8221; theme_builder_area=&#8221;post_content&#8221;][et_pb_social_media_follow_network social_network=&#8221;facebook&#8221; _builder_version=&#8221;4.17.4&#8243; _module_preset=&#8221;default&#8221; background_enable_color=&#8221;off&#8221; global_colors_info=&#8221;{}&#8221; theme_builder_area=&#8221;post_content&#8221; follow_button=&#8221;off&#8221; url_new_window=&#8221;on&#8221;]facebook[\/et_pb_social_media_follow_network][et_pb_social_media_follow_network social_network=&#8221;tiktok&#8221; _builder_version=&#8221;4.17.4&#8243; _module_preset=&#8221;default&#8221; background_color=&#8221;RGBA(255,255,255,0)&#8221; background_enable_color=&#8221;on&#8221; global_colors_info=&#8221;{}&#8221; theme_builder_area=&#8221;post_content&#8221; follow_button=&#8221;off&#8221; url_new_window=&#8221;on&#8221;]tiktok[\/et_pb_social_media_follow_network][et_pb_social_media_follow_network social_network=&#8221;instagram&#8221; _builder_version=&#8221;4.17.4&#8243; _module_preset=&#8221;default&#8221; background_color=&#8221;RGBA(255,255,255,0)&#8221; background_enable_color=&#8221;on&#8221; global_colors_info=&#8221;{}&#8221; theme_builder_area=&#8221;post_content&#8221; follow_button=&#8221;off&#8221; url_new_window=&#8221;on&#8221;]instagram[\/et_pb_social_media_follow_network][\/et_pb_social_media_follow][\/et_pb_column][\/et_pb_row][\/et_pb_section]\n","protected":false},"excerpt":{"rendered":"<p>RegulaminREGULAMIN SKLEPU INTERNETOWEGO AdamMalesa.pl \u00a71. Postanowienia og\u00f3lne 1. Sklep internetowy\u00a0adammalesa.pl, dzia\u0142aj\u0105cy pod adresem\u00a0https:\/\/adammalesa.pl, prowadzony jest przez\u00a0Adam Malesa, z siedzib\u0105 przy ul. Energetyk\u00f3w 1, 75-222 Koszalin, NIP: 7491006368. 2. Niniejszy regulamin okre\u015bla zasady korzystania ze sklepu, sk\u0142adania zam\u00f3wie\u0144, zawierania um\u00f3w sprzeda\u017cy, realizacji zam\u00f3wie\u0144, a tak\u017ce zasady reklamacji oraz odst\u0105pienia od umowy. 3. Klient zobowi\u0105zany jest do [&hellip;]<\/p>\n","protected":false},"author":1,"featured_media":0,"parent":0,"menu_order":0,"comment_status":"closed","ping_status":"closed","template":"","meta":{"_et_pb_use_builder":"on","_et_pb_old_content":"","_et_gb_content_width":"","inline_featured_image":false,"footnotes":""},"class_list":["post-186","page","type-page","status-publish","hentry"],"_links":{"self":[{"href":"https:\/\/adammalesa.pl\/index.php?rest_route=\/wp\/v2\/pages\/186","targetHints":{"allow":["GET"]}}],"collection":[{"href":"https:\/\/adammalesa.pl\/index.php?rest_route=\/wp\/v2\/pages"}],"about":[{"href":"https:\/\/adammalesa.pl\/index.php?rest_route=\/wp\/v2\/types\/page"}],"author":[{"embeddable":true,"href":"https:\/\/adammalesa.pl\/index.php?rest_route=\/wp\/v2\/users\/1"}],"replies":[{"embeddable":true,"href":"https:\/\/adammalesa.pl\/index.php?rest_route=%2Fwp%2Fv2%2Fcomments&post=186"}],"version-history":[{"count":4,"href":"https:\/\/adammalesa.pl\/index.php?rest_route=\/wp\/v2\/pages\/186\/revisions"}],"predecessor-version":[{"id":190,"href":"https:\/\/adammalesa.pl\/index.php?rest_route=\/wp\/v2\/pages\/186\/revisions\/190"}],"wp:attachment":[{"href":"https:\/\/adammalesa.pl\/index.php?rest_route=%2Fwp%2Fv2%2Fmedia&parent=186"}],"curies":[{"name":"wp","href":"https:\/\/api.w.org\/{rel}","templated":true}]}}