{"id":192,"date":"2025-11-10T12:17:01","date_gmt":"2025-11-10T11:17:01","guid":{"rendered":"https:\/\/adammalesa.pl\/?page_id=192"},"modified":"2025-11-10T12:30:42","modified_gmt":"2025-11-10T11:30:42","slug":"o_mnie","status":"publish","type":"page","link":"https:\/\/adammalesa.pl\/?page_id=192","title":{"rendered":"O mnie"},"content":{"rendered":"<p>[et_pb_section fb_built=&#8221;1&#8243; admin_label=&#8221;Header&#8221; _builder_version=&#8221;4.17.4&#8243; _module_preset=&#8221;default&#8221; custom_padding=&#8221;0px||0px||false|false&#8221; hover_enabled=&#8221;0&#8243; collapsed=&#8221;on&#8221; global_colors_info=&#8221;{}&#8221; sticky_enabled=&#8221;0&#8243;][et_pb_row column_structure=&#8221;1_2,1_2&#8243; use_custom_gutter=&#8221;on&#8221; gutter_width=&#8221;1&#8243; make_equal=&#8221;on&#8221; _builder_version=&#8221;4.27.4&#8243; _module_preset=&#8221;default&#8221; background_color=&#8221;#2F251F&#8221; background_image=&#8221;http:\/\/adammalesa.pl\/wp-content\/uploads\/2025\/11\/jewelry-designer-54.png&#8221; background_size=&#8221;contain&#8221; background_position=&#8221;top_center&#8221; width=&#8221;100%&#8221; max_width=&#8221;100%&#8221; custom_padding=&#8221;0px||0px||false|false&#8221; hover_enabled=&#8221;0&#8243; global_colors_info=&#8221;{}&#8221; min_height=&#8221;806.4px&#8221; height=&#8221;643px&#8221; sticky_enabled=&#8221;0&#8243; max_height=&#8221;1000px&#8221; custom_margin=&#8221;||40px||false|false&#8221;][et_pb_column type=&#8221;1_2&#8243; _builder_version=&#8221;4.27.4&#8243; _module_preset=&#8221;default&#8221; background_color=&#8221;rgba(172,137,97,0.7)&#8221; custom_padding=&#8221;4%|4%|4%|4%|true|true&#8221; custom_padding_tablet=&#8221;|8%||8%|true|true&#8221; custom_padding_phone=&#8221;8%||8%||true|true&#8221; custom_padding_last_edited=&#8221;on|desktop&#8221; hover_enabled=&#8221;0&#8243; global_colors_info=&#8221;{}&#8221; sticky_enabled=&#8221;0&#8243;][et_pb_text _builder_version=&#8221;4.17.4&#8243; _module_preset=&#8221;c16985e1-e0d6-4022-964d-e2bfc04fa633&#8243; header_font=&#8221;Bodoni Moda||||||||&#8221; header_text_color=&#8221;#FFFFFF&#8221; header_font_size=&#8221;100px&#8221; text_orientation=&#8221;center&#8221; custom_margin=&#8221;||30px||false|false&#8221; header_font_size_tablet=&#8221;60px&#8221; header_font_size_phone=&#8221;24px&#8221; header_font_size_last_edited=&#8221;on|tablet&#8221; global_colors_info=&#8221;{}&#8221;]<\/p>\n<h1>O mnie<\/h1>\n<p>[\/et_pb_text][et_pb_image src=&#8221;http:\/\/adammalesa.pl\/wp-content\/uploads\/2025\/11\/o-nas.jpg&#8221; title_text=&#8221;o nas&#8221; align=&#8221;center&#8221; _builder_version=&#8221;4.27.4&#8243; _module_preset=&#8221;default&#8221; width=&#8221;50%&#8221; global_colors_info=&#8221;{}&#8221;][\/et_pb_image][et_pb_image src=&#8221;http:\/\/adammalesa.pl\/wp-content\/uploads\/2025\/11\/jewelry-designer-9.png&#8221; title_text=&#8221;jewelry-designer-9&#8243; _builder_version=&#8221;4.17.4&#8243; _module_preset=&#8221;default&#8221; width=&#8221;25%&#8221; custom_margin=&#8221;-15%|||20%|false|false&#8221; global_colors_info=&#8221;{}&#8221;][\/et_pb_image][\/et_pb_column][et_pb_column type=&#8221;1_2&#8243; _builder_version=&#8221;4.27.4&#8243; _module_preset=&#8221;default&#8221; background_color=&#8221;rgba(47,37,31,0.7)&#8221; custom_padding=&#8221;6%|4%|6%|4%|true|true&#8221; custom_padding_tablet=&#8221;|8%||8%|true|true&#8221; custom_padding_phone=&#8221;8%||8%||true|true&#8221; custom_padding_last_edited=&#8221;on|desktop&#8221; hover_enabled=&#8221;0&#8243; global_colors_info=&#8221;{}&#8221; sticky_enabled=&#8221;0&#8243;][et_pb_text _builder_version=&#8221;4.27.4&#8243; _module_preset=&#8221;aaa7c440-590a-4078-ae0c-0f3c699ac51c&#8221; header_font=&#8221;||||||||&#8221; header_3_font=&#8221;Bodoni Moda||||||||&#8221; header_3_text_color=&#8221;#FFFFFF&#8221; header_3_font_size=&#8221;40px&#8221; header_3_line_height=&#8221;1.5em&#8221; width_tablet=&#8221;100%&#8221; width_phone=&#8221;100%&#8221; width_last_edited=&#8221;off|desktop&#8221; max_width=&#8221;700px&#8221; header_3_font_size_tablet=&#8221;20px&#8221; header_3_font_size_phone=&#8221;16px&#8221; header_3_font_size_last_edited=&#8221;on|phone&#8221; global_colors_info=&#8221;{}&#8221; width__hover_enabled=&#8221;off|desktop&#8221;]<\/p>\n<h3 data-start=\"1330\" data-end=\"1356\"><span style=\"color: #ffffff;\">Materia\u0142y i technika<\/span><\/h3>\n<p data-start=\"1357\" data-end=\"1382\"><span style=\"color: #ffffff;\">W ofercie znajd\u0105 Pa\u0144stwo:<\/span><\/p>\n<ul data-start=\"1384\" data-end=\"1520\">\n<li data-start=\"1384\" data-end=\"1421\">\n<p data-start=\"1386\" data-end=\"1421\"><span style=\"color: #ffffff;\">bi\u017cuteri\u0119 ze <strong data-start=\"1399\" data-end=\"1419\">srebra pr\u00f3by 925<\/strong><\/span><\/p>\n<\/li>\n<li data-start=\"1422\" data-end=\"1474\">\n<p data-start=\"1424\" data-end=\"1474\"><span style=\"color: #ffffff;\">bi\u017cuteri\u0119 ze <strong data-start=\"1437\" data-end=\"1472\">z\u0142ota 14-karatowego (pr\u00f3ba 585)<\/strong><\/span><\/p>\n<\/li>\n<li data-start=\"1475\" data-end=\"1520\">\n<p data-start=\"1477\" data-end=\"1520\"><span style=\"color: #ffffff;\">rzadkie i niepowtarzalne kamienie naturalne<\/span><\/p>\n<\/li>\n<\/ul>\n<p data-start=\"1522\" data-end=\"1529\"><span style=\"color: #ffffff;\">Tworz\u0119:<\/span><\/p>\n<ul data-start=\"1530\" data-end=\"1631\">\n<li data-start=\"1530\" data-end=\"1542\">\n<p data-start=\"1532\" data-end=\"1542\"><span style=\"color: #ffffff;\">wisiorki<\/span><\/p>\n<\/li>\n<li data-start=\"1543\" data-end=\"1558\">\n<p data-start=\"1545\" data-end=\"1558\"><span style=\"color: #ffffff;\">pier\u015bcionki<\/span><\/p>\n<\/li>\n<li data-start=\"1559\" data-end=\"1574\">\n<p data-start=\"1561\" data-end=\"1574\"><span style=\"color: #ffffff;\">bransoletki<\/span><\/p>\n<\/li>\n<li data-start=\"1575\" data-end=\"1588\">\n<p data-start=\"1577\" data-end=\"1588\"><span style=\"color: #ffffff;\">\u0142a\u0144cuszki<\/span><\/p>\n<\/li>\n<li data-start=\"1589\" data-end=\"1631\">\n<p data-start=\"1591\" data-end=\"1631\"><span style=\"color: #ffffff;\">unikatowe akcesoria i przedmioty ozdobne<\/span><\/p>\n<\/li>\n<\/ul>\n<p data-start=\"1633\" data-end=\"1780\"><span style=\"color: #ffffff;\">Od 2005 roku w mojej pracowni powstaj\u0105 r\u00f3wnie\u017c projekty w z\u0142ocie \u2013 to otworzy\u0142o now\u0105 przestrze\u0144 dla form subtelnych, szlachetnych i ponadczasowych.<\/span><\/p>\n<p>[\/et_pb_text][\/et_pb_column][\/et_pb_row][\/et_pb_section][et_pb_section fb_built=&#8221;1&#8243; admin_label=&#8221;About&#8221; _builder_version=&#8221;4.17.4&#8243; _module_preset=&#8221;default&#8221; background_color=&#8221;#F7F1EC&#8221; collapsed=&#8221;on&#8221; global_colors_info=&#8221;{}&#8221; custom_margin=&#8221;-40px|||||&#8221;][et_pb_row _builder_version=&#8221;4.17.4&#8243; _module_preset=&#8221;default&#8221; max_width=&#8221;700px&#8221; global_colors_info=&#8221;{}&#8221;][et_pb_column type=&#8221;4_4&#8243; _builder_version=&#8221;4.17.4&#8243; _module_preset=&#8221;default&#8221; global_colors_info=&#8221;{}&#8221;][et_pb_image src=&#8221;http:\/\/adammalesa.pl\/wp-content\/uploads\/2025\/10\/jewelry-designer-3.png&#8221; title_text=&#8221;jewelry-designer-3&#8243; _builder_version=&#8221;4.17.4&#8243; _module_preset=&#8221;default&#8221; positioning=&#8221;absolute&#8221; position_origin_a=&#8221;bottom_left&#8221; width=&#8221;10%&#8221; custom_margin=&#8221;||-5%|-15%|false|false&#8221; global_colors_info=&#8221;{}&#8221;][\/et_pb_image][et_pb_text _builder_version=&#8221;4.17.4&#8243; _module_preset=&#8221;b327cbe4-b1d5-4b66-ad37-40c8f2f061ba&#8221; header_2_font=&#8221;Bodoni Moda||||||||&#8221; header_2_text_color=&#8221;#2F251F&#8221; header_2_font_size=&#8221;60px&#8221; header_2_line_height=&#8221;1.2em&#8221; header_2_font_size_tablet=&#8221;32px&#8221; header_2_font_size_phone=&#8221;20px&#8221; header_2_font_size_last_edited=&#8221;on|desktop&#8221; global_colors_info=&#8221;{}&#8221;]<\/p>\n<h2>Cze\u015b\u0107, nazywam si\u0119 Adam Malesa<\/h2>\n<p>[\/et_pb_text][et_pb_text _builder_version=&#8221;4.17.4&#8243; _module_preset=&#8221;4c43b4b6-66bf-432d-959a-705bda24a650&#8243; text_font=&#8221;Mulish||||||||&#8221; text_text_color=&#8221;#2B3D38&#8243; text_line_height=&#8221;1.85em&#8221; header_font_size_tablet=&#8221;55px&#8221; header_font_size_last_edited=&#8221;off|desktop&#8221; global_colors_info=&#8221;{}&#8221;]<\/p>\n<p data-start=\"174\" data-end=\"542\">\u00a0i od 1995 roku zajmuj\u0119 si\u0119 tworzeniem bi\u017cuterii z naturalnych i p\u00f3\u0142szlachetnych kamieni, oprawianych w srebro i z\u0142oto. To nie jest tylko praca \u2013 to droga, kt\u00f3r\u0105 wybra\u0142em sercem. Moja pasja narodzi\u0142a si\u0119 z zachwytu nad struktur\u0105, barw\u0105 i energi\u0105 kamieni, a rozwin\u0119\u0142a podczas nauki w <strong data-start=\"484\" data-end=\"541\">Szko\u0142ach Rzemios\u0142 Artystycznych w Szwecji i Niemczech<\/strong>.<\/p>\n<p data-start=\"544\" data-end=\"782\">Tworzenie bi\u017cuterii traktuj\u0119 jak spotkanie z natur\u0105: ciche, uwa\u017cne i pe\u0142ne intuicji. Ka\u017cdy kamie\u0144 jest inny, ka\u017cdy opowiada swoj\u0105 histori\u0119. Moj\u0105 rol\u0105 jest t\u0119 histori\u0119 wydoby\u0107, podkre\u015bli\u0107 i nada\u0107 jej form\u0119, kt\u00f3r\u0105 mo\u017cna nosi\u0107 blisko siebie.<\/p>\n<p>[\/et_pb_text][\/et_pb_column][\/et_pb_row][\/et_pb_section][et_pb_section fb_built=&#8221;1&#8243; admin_label=&#8221;About&#8221; _builder_version=&#8221;4.17.4&#8243; _module_preset=&#8221;default&#8221; background_color=&#8221;#EBE4D5&#8243; collapsed=&#8221;on&#8221; global_colors_info=&#8221;{}&#8221;][et_pb_row column_structure=&#8221;2_3,1_3&#8243; _builder_version=&#8221;4.17.4&#8243; _module_preset=&#8221;default&#8221; global_colors_info=&#8221;{}&#8221;][et_pb_column type=&#8221;2_3&#8243; _builder_version=&#8221;4.17.4&#8243; _module_preset=&#8221;default&#8221; global_colors_info=&#8221;{}&#8221;][et_pb_image src=&#8221;http:\/\/adammalesa.pl\/wp-content\/uploads\/2025\/11\/jewelry-designer-32.jpg&#8221; title_text=&#8221;jewelry-designer-32&#8243; _builder_version=&#8221;4.17.4&#8243; _module_preset=&#8221;default&#8221; global_colors_info=&#8221;{}&#8221;][\/et_pb_image][\/et_pb_column][et_pb_column type=&#8221;1_3&#8243; _builder_version=&#8221;4.17.4&#8243; _module_preset=&#8221;default&#8221; custom_padding=&#8221;10%||||false|false&#8221; global_colors_info=&#8221;{}&#8221;][et_pb_text _builder_version=&#8221;4.27.4&#8243; _module_preset=&#8221;b327cbe4-b1d5-4b66-ad37-40c8f2f061ba&#8221; header_2_font=&#8221;Bodoni Moda||||||||&#8221; header_2_text_color=&#8221;#2F251F&#8221; header_2_font_size=&#8221;60px&#8221; header_2_line_height=&#8221;1.2em&#8221; width=&#8221;200%&#8221; width_tablet=&#8221;100%&#8221; width_phone=&#8221;100%&#8221; width_last_edited=&#8221;on|tablet&#8221; custom_margin=&#8221;|||-100%|false|false&#8221; custom_margin_tablet=&#8221;|||0%|false|false&#8221; custom_margin_phone=&#8221;|||0%|false|false&#8221; custom_margin_last_edited=&#8221;on|tablet&#8221; header_2_font_size_tablet=&#8221;32px&#8221; header_2_font_size_phone=&#8221;20px&#8221; header_2_font_size_last_edited=&#8221;on|desktop&#8221; global_colors_info=&#8221;{}&#8221;]<\/p>\n<h2>Filozofia tworzenia<\/h2>\n<p>[\/et_pb_text][et_pb_text _builder_version=&#8221;4.17.4&#8243; _module_preset=&#8221;4c43b4b6-66bf-432d-959a-705bda24a650&#8243; text_font=&#8221;Mulish||||||||&#8221; text_text_color=&#8221;#2B3D38&#8243; text_line_height=&#8221;1.85em&#8221; header_font_size_tablet=&#8221;55px&#8221; header_font_size_last_edited=&#8221;off|desktop&#8221; global_colors_info=&#8221;{}&#8221;]<\/p>\n<h3 data-start=\"789\" data-end=\"814\"><\/h3>\n<p data-start=\"815\" data-end=\"1138\">W mojej pracowni nie powstaj\u0105 serie produkcyjne. Ka\u017cdy przedmiot jest <strong data-start=\"885\" data-end=\"897\">unikalny<\/strong>, stworzony od pocz\u0105tku do ko\u0144ca r\u0119cznie.<br data-start=\"938\" data-end=\"941\" \/>Cz\u0119sto \u0142\u0105cz\u0119 w jednym projekcie r\u00f3\u017cne kamienie \u2013 kontrastuj\u0105ce barwy, struktury lub energie. Dzi\u0119ki temu bi\u017cuteria, kt\u00f3r\u0105 tworz\u0119, mo\u017ce sta\u0107 si\u0119 nie tylko ozdob\u0105, ale tak\u017ce <strong data-start=\"1113\" data-end=\"1137\">osobistym talizmanem<\/strong>.<\/p>\n<p data-start=\"1140\" data-end=\"1323\">Wierz\u0119, \u017ce kamienie mog\u0105 wp\u0142ywa\u0107 na samopoczucie, wspiera\u0107 r\u00f3wnowag\u0119 i po prostu dawa\u0107 rado\u015b\u0107 swoj\u0105 obecno\u015bci\u0105. Dlatego w pracy kieruj\u0119 si\u0119 nie tylko rzemios\u0142em, ale r\u00f3wnie\u017c intuicj\u0105.<\/p>\n<p>[\/et_pb_text][\/et_pb_column][\/et_pb_row][\/et_pb_section][et_pb_section fb_built=&#8221;1&#8243; admin_label=&#8221;About&#8221; _builder_version=&#8221;4.17.4&#8243; _module_preset=&#8221;default&#8221; background_color=&#8221;#F7F1EC&#8221; overflow-x=&#8221;hidden&#8221; overflow-y=&#8221;hidden&#8221; custom_padding=&#8221;0px||0px||false|false&#8221; locked=&#8221;off&#8221; collapsed=&#8221;on&#8221; global_colors_info=&#8221;{}&#8221;][et_pb_row _builder_version=&#8221;4.27.4&#8243; _module_preset=&#8221;default&#8221; custom_margin=&#8221;||||false|false&#8221; custom_padding=&#8221;0px||0px||false|false&#8221; hover_enabled=&#8221;0&#8243; global_colors_info=&#8221;{}&#8221; sticky_enabled=&#8221;0&#8243; module_alignment=&#8221;center&#8221;][et_pb_column type=&#8221;4_4&#8243; _builder_version=&#8221;4.17.4&#8243; _module_preset=&#8221;default&#8221; custom_padding=&#8221;10%||||false|false&#8221; global_colors_info=&#8221;{}&#8221;][et_pb_text _builder_version=&#8221;4.27.4&#8243; _module_preset=&#8221;b327cbe4-b1d5-4b66-ad37-40c8f2f061ba&#8221; header_2_font=&#8221;Bodoni Moda||||||||&#8221; header_2_text_color=&#8221;#2F251F&#8221; header_2_font_size=&#8221;60px&#8221; header_2_line_height=&#8221;1.2em&#8221; hover_enabled=&#8221;0&#8243; header_2_font_size_tablet=&#8221;32px&#8221; header_2_font_size_phone=&#8221;20px&#8221; header_2_font_size_last_edited=&#8221;on|desktop&#8221; global_colors_info=&#8221;{}&#8221; text_orientation=&#8221;right&#8221; sticky_enabled=&#8221;0&#8243;]<\/p>\n<h1 data-start=\"1787\" data-end=\"1805\"><strong>O kamieniach<\/strong><\/h1>\n<p>[\/et_pb_text][et_pb_text _builder_version=&#8221;4.17.4&#8243; _module_preset=&#8221;4c43b4b6-66bf-432d-959a-705bda24a650&#8243; text_font=&#8221;Mulish||||||||&#8221; text_text_color=&#8221;#2B3D38&#8243; text_line_height=&#8221;1.85em&#8221; width=&#8221;65%&#8221; width_tablet=&#8221;100%&#8221; width_phone=&#8221;100%&#8221; width_last_edited=&#8221;on|tablet&#8221; module_alignment=&#8221;right&#8221; hover_enabled=&#8221;0&#8243; header_font_size_tablet=&#8221;55px&#8221; header_font_size_last_edited=&#8221;off|desktop&#8221; locked=&#8221;off&#8221; global_colors_info=&#8221;{}&#8221; sticky_enabled=&#8221;0&#8243;]<\/p>\n<h3 data-start=\"1787\" data-end=\"1805\"><\/h3>\n<p data-start=\"1806\" data-end=\"2105\">Kamienie naturalne maj\u0105 swoj\u0105 pami\u0119\u0107, swoj\u0105 drog\u0119 i charakter. Mog\u0105 posiada\u0107 <strong data-start=\"1883\" data-end=\"1922\">rysy, inkluzje lub drobne p\u0119kni\u0119cia<\/strong> \u2013 s\u0105 to cechy absolutnie naturalne, \u015bwiadcz\u0105ce o ich autentyczno\u015bci i pochodzeniu.<br data-start=\"2005\" data-end=\"2008\" \/>To w\u0142a\u015bnie te drobne \u201eniedoskona\u0142o\u015bci\u201d sprawiaj\u0105, \u017ce bi\u017cuteria nabiera g\u0142\u0119bi i unikalnego pi\u0119kna.<\/p>\n<p>[\/et_pb_text][et_pb_button button_text=&#8221;Czytaj wi\u0119cej&#8221; _builder_version=&#8221;4.27.4&#8243; _module_preset=&#8221;default&#8221; button_url=&#8221;https:\/\/adammalesa.pl\/kamienie\/&#8221; hover_enabled=&#8221;0&#8243; sticky_enabled=&#8221;0&#8243; button_alignment=&#8221;center&#8221; custom_button=&#8221;on&#8221; button_text_color=&#8221;#9e4400&#8243;][\/et_pb_button][et_pb_image src=&#8221;http:\/\/adammalesa.pl\/wp-content\/uploads\/2025\/11\/kolekcja-wielokolorowych-kamieni-szlachetnych-ukazuje-naturalne-piekno-natury-generowane-przez-sztuczna-inteligencje-scaled.jpg&#8221; title_text=&#8221;Multi colored gemstone collection showcases natural beauty in nature generated by AI&#8221; _builder_version=&#8221;4.27.4&#8243; _module_preset=&#8221;default&#8221; width=&#8221;70%&#8221; custom_margin=&#8221;-25%|||-20vw|false|false&#8221; custom_margin_tablet=&#8221;0%||||false|false&#8221; custom_margin_phone=&#8221;0%||||false|false&#8221; custom_margin_last_edited=&#8221;on|tablet&#8221; hover_enabled=&#8221;0&#8243; locked=&#8221;off&#8221; global_colors_info=&#8221;{}&#8221; sticky_enabled=&#8221;0&#8243;][\/et_pb_image][\/et_pb_column][\/et_pb_row][\/et_pb_section][et_pb_section fb_built=&#8221;1&#8243; admin_label=&#8221;Footer&#8221; _builder_version=&#8221;4.17.4&#8243; _module_preset=&#8221;default&#8221; background_color=&#8221;#2F251F&#8221; background_image=&#8221;http:\/\/adammalesa.pl\/wp-content\/uploads\/2025\/10\/jewelry-designer-2.png&#8221; background_size=&#8221;custom&#8221; background_image_width=&#8221;10vw&#8221; background_position=&#8221;bottom_right&#8221; background_enable_pattern_style=&#8221;on&#8221; background_pattern_color=&#8221;rgba(235,228,213,0.35)&#8221; background_pattern_size=&#8221;custom&#8221; background_pattern_width=&#8221;6px&#8221; collapsed=&#8221;on&#8221; global_colors_info=&#8221;{}&#8221;][et_pb_row column_structure=&#8221;1_4,1_2,1_4&#8243; _builder_version=&#8221;4.17.4&#8243; _module_preset=&#8221;default&#8221; global_colors_info=&#8221;{}&#8221;][et_pb_column type=&#8221;1_4&#8243; _builder_version=&#8221;4.17.4&#8243; _module_preset=&#8221;default&#8221; global_colors_info=&#8221;{}&#8221;][et_pb_text _builder_version=&#8221;4.17.4&#8243; _module_preset=&#8221;4827deed-2a92-4d97-a22f-f01067ae6873&#8243; header_font=&#8221;||||||||&#8221; header_4_font=&#8221;Bodoni Moda||||||||&#8221; header_4_text_color=&#8221;#FFFFFF&#8221; header_4_font_size=&#8221;24px&#8221; header_4_line_height=&#8221;1.5em&#8221; custom_margin=&#8221;||30px||false|false&#8221; header_4_font_size_tablet=&#8221;16px&#8221; header_4_font_size_phone=&#8221;14px&#8221; header_4_font_size_last_edited=&#8221;on|tablet&#8221; locked=&#8221;off&#8221; global_colors_info=&#8221;{}&#8221;]<\/p>\n<h4>About<\/h4>\n<p>[\/et_pb_text][et_pb_text _builder_version=&#8221;4.17.4&#8243; _module_preset=&#8221;4c43b4b6-66bf-432d-959a-705bda24a650&#8243; text_font=&#8221;Mulish||||||||&#8221; text_text_color=&#8221;#FFFFFF&#8221; text_line_height=&#8221;1.85em&#8221; header_font_size_tablet=&#8221;55px&#8221; header_font_size_last_edited=&#8221;off|desktop&#8221; locked=&#8221;off&#8221; global_colors_info=&#8221;{}&#8221;]<\/p>\n<p>Tiam pulvinar vestibulum mollis. In molestie, neque eu luctus consectetur, est dolor lacinia metus, vitae euismod<\/p>\n<p>[\/et_pb_text][\/et_pb_column][et_pb_column type=&#8221;1_2&#8243; _builder_version=&#8221;4.17.4&#8243; _module_preset=&#8221;default&#8221; global_colors_info=&#8221;{}&#8221;][et_pb_text _builder_version=&#8221;4.17.4&#8243; _module_preset=&#8221;4827deed-2a92-4d97-a22f-f01067ae6873&#8243; header_font=&#8221;||||||||&#8221; header_4_font=&#8221;Bodoni Moda||||||||&#8221; header_4_text_color=&#8221;#FFFFFF&#8221; header_4_font_size=&#8221;24px&#8221; header_4_line_height=&#8221;1.5em&#8221; text_orientation=&#8221;center&#8221; custom_margin=&#8221;||30px||false|false&#8221; header_4_font_size_tablet=&#8221;16px&#8221; header_4_font_size_phone=&#8221;14px&#8221; header_4_font_size_last_edited=&#8221;on|tablet&#8221; locked=&#8221;off&#8221; global_colors_info=&#8221;{}&#8221;]<\/p>\n<h4>Sign Up For Shop Updates<\/h4>\n<p>[\/et_pb_text][et_pb_signup mailchimp_list=&#8221;undefined|elegantthemestest|1ea2bbd026&#8243; layout=&#8221;top_bottom&#8221; first_name_field=&#8221;off&#8221; last_name_field=&#8221;off&#8221; _builder_version=&#8221;4.17.4&#8243; _module_preset=&#8221;f5dd8511-592b-43f8-b02a-fca5b467e34a&#8221; form_field_background_color=&#8221;#FFFFFF&#8221; form_field_text_color=&#8221;rgba(47,37,31,0.5)&#8221; form_field_custom_padding=&#8221;15px|20px|15px|20px|true|true&#8221; form_field_font=&#8221;Mulish||||||||&#8221; background_enable_color=&#8221;off&#8221; use_background_color=&#8221;off&#8221; custom_button=&#8221;on&#8221; button_text_size=&#8221;14px&#8221; button_text_color=&#8221;#FFFFFF&#8221; button_bg_color=&#8221;#AC8961&#8243; button_border_color=&#8221;#AC8961&#8243; button_border_radius=&#8221;0px&#8221; button_font=&#8221;Mulish|700||on|||||&#8221; button_custom_padding=&#8221;16px|24px|16px|24px|true|true&#8221; border_radii_fields=&#8221;on|0px|0px|0px|0px&#8221; locked=&#8221;off&#8221; global_colors_info=&#8221;{}&#8221;][\/et_pb_signup][\/et_pb_column][et_pb_column type=&#8221;1_4&#8243; _builder_version=&#8221;4.17.4&#8243; _module_preset=&#8221;default&#8221; global_colors_info=&#8221;{}&#8221;][et_pb_image src=&#8221;http:\/\/adammalesa.pl\/wp-content\/uploads\/2025\/10\/jewelry-designer-3.png&#8221; title_text=&#8221;jewelry-designer-3&#8243; _builder_version=&#8221;4.17.4&#8243; _module_preset=&#8221;default&#8221; positioning=&#8221;absolute&#8221; position_origin_a=&#8221;top_right&#8221; width=&#8221;10%&#8221; custom_margin=&#8221;-15%|-10%|||false|false&#8221; global_colors_info=&#8221;{}&#8221;][\/et_pb_image][et_pb_text _builder_version=&#8221;4.17.4&#8243; _module_preset=&#8221;4827deed-2a92-4d97-a22f-f01067ae6873&#8243; header_font=&#8221;||||||||&#8221; header_4_font=&#8221;Bodoni Moda||||||||&#8221; header_4_text_color=&#8221;#FFFFFF&#8221; header_4_font_size=&#8221;24px&#8221; header_4_line_height=&#8221;1.5em&#8221; text_orientation=&#8221;right&#8221; custom_margin=&#8221;||30px||false|false&#8221; header_4_font_size_tablet=&#8221;16px&#8221; header_4_font_size_phone=&#8221;14px&#8221; header_4_font_size_last_edited=&#8221;on|tablet&#8221; locked=&#8221;off&#8221; global_colors_info=&#8221;{}&#8221;]<\/p>\n<h4>Contact<\/h4>\n<p>[\/et_pb_text][et_pb_text _builder_version=&#8221;4.17.4&#8243; _module_preset=&#8221;518880c8-46c7-4ffa-b5a6-93ffa99dcc17&#8243; text_font=&#8221;||||||||&#8221; text_text_color=&#8221;rgba(255,255,255,0.7)&#8221; text_font_size=&#8221;18px&#8221; text_line_height=&#8221;1.8em&#8221; link_text_color=&#8221;#AC8961&#8243; text_orientation=&#8221;right&#8221; custom_margin=&#8221;||10px||false|false&#8221; text_font_size_tablet=&#8221;16px&#8221; text_font_size_phone=&#8221;14px&#8221; text_font_size_last_edited=&#8221;on|phone&#8221; locked=&#8221;off&#8221; global_colors_info=&#8221;{}&#8221;]<\/p>\n<p><a href=\"mailto:#\">hello@divijewelry.com<\/a><\/p>\n<p>[\/et_pb_text][et_pb_social_media_follow _builder_version=&#8221;4.17.4&#8243; _module_preset=&#8221;default&#8221; text_orientation=&#8221;right&#8221; global_colors_info=&#8221;{}&#8221;][et_pb_social_media_follow_network social_network=&#8221;facebook&#8221; _builder_version=&#8221;4.17.4&#8243; _module_preset=&#8221;default&#8221; background_enable_color=&#8221;off&#8221; global_colors_info=&#8221;{}&#8221; follow_button=&#8221;off&#8221; url_new_window=&#8221;on&#8221;]facebook[\/et_pb_social_media_follow_network][et_pb_social_media_follow_network social_network=&#8221;tiktok&#8221; _builder_version=&#8221;4.17.4&#8243; _module_preset=&#8221;default&#8221; background_color=&#8221;RGBA(255,255,255,0)&#8221; background_enable_color=&#8221;on&#8221; global_colors_info=&#8221;{}&#8221; follow_button=&#8221;off&#8221; url_new_window=&#8221;on&#8221;]tiktok[\/et_pb_social_media_follow_network][et_pb_social_media_follow_network social_network=&#8221;instagram&#8221; _builder_version=&#8221;4.17.4&#8243; _module_preset=&#8221;default&#8221; background_color=&#8221;RGBA(255,255,255,0)&#8221; background_enable_color=&#8221;on&#8221; global_colors_info=&#8221;{}&#8221; follow_button=&#8221;off&#8221; url_new_window=&#8221;on&#8221;]instagram[\/et_pb_social_media_follow_network][\/et_pb_social_media_follow][\/et_pb_column][\/et_pb_row][\/et_pb_section]<\/p>\n","protected":false},"excerpt":{"rendered":"<p>O mnieMateria\u0142y i technika W ofercie znajd\u0105 Pa\u0144stwo: bi\u017cuteri\u0119 ze srebra pr\u00f3by 925 bi\u017cuteri\u0119 ze z\u0142ota 14-karatowego (pr\u00f3ba 585) rzadkie i niepowtarzalne kamienie naturalne Tworz\u0119: wisiorki pier\u015bcionki bransoletki \u0142a\u0144cuszki unikatowe akcesoria i przedmioty ozdobne Od 2005 roku w mojej pracowni powstaj\u0105 r\u00f3wnie\u017c projekty w z\u0142ocie \u2013 to otworzy\u0142o now\u0105 przestrze\u0144 dla form subtelnych, szlachetnych i [&hellip;]<\/p>\n","protected":false},"author":1,"featured_media":0,"parent":0,"menu_order":0,"comment_status":"closed","ping_status":"closed","template":"","meta":{"_et_pb_use_builder":"on","_et_pb_old_content":"","_et_gb_content_width":"","inline_featured_image":false,"footnotes":""},"class_list":["post-192","page","type-page","status-publish","hentry"],"_links":{"self":[{"href":"https:\/\/adammalesa.pl\/index.php?rest_route=\/wp\/v2\/pages\/192","targetHints":{"allow":["GET"]}}],"collection":[{"href":"https:\/\/adammalesa.pl\/index.php?rest_route=\/wp\/v2\/pages"}],"about":[{"href":"https:\/\/adammalesa.pl\/index.php?rest_route=\/wp\/v2\/types\/page"}],"author":[{"embeddable":true,"href":"https:\/\/adammalesa.pl\/index.php?rest_route=\/wp\/v2\/users\/1"}],"replies":[{"embeddable":true,"href":"https:\/\/adammalesa.pl\/index.php?rest_route=%2Fwp%2Fv2%2Fcomments&post=192"}],"version-history":[{"count":12,"href":"https:\/\/adammalesa.pl\/index.php?rest_route=\/wp\/v2\/pages\/192\/revisions"}],"predecessor-version":[{"id":215,"href":"https:\/\/adammalesa.pl\/index.php?rest_route=\/wp\/v2\/pages\/192\/revisions\/215"}],"wp:attachment":[{"href":"https:\/\/adammalesa.pl\/index.php?rest_route=%2Fwp%2Fv2%2Fmedia&parent=192"}],"curies":[{"name":"wp","href":"https:\/\/api.w.org\/{rel}","templated":true}]}}